{"id":3423,"date":"2019-10-28T09:30:22","date_gmt":"2019-10-28T09:30:22","guid":{"rendered":"https:\/\/themes.themegoods.com\/avante\/?page_id=3423"},"modified":"2019-10-28T09:30:22","modified_gmt":"2019-10-28T09:30:22","slug":"blog-metro-no-space","status":"publish","type":"page","link":"https:\/\/th1nk.pt\/pt\/blog-metro-no-space\/","title":{"rendered":"Blog Metro No Space"},"content":{"rendered":"\t\t<div data-elementor-type=\"wp-page\" data-elementor-id=\"3423\" class=\"elementor elementor-3423\" data-elementor-post-type=\"page\">\n\t\t\t\t\t\t\t\t\t<section class=\"elementor-section elementor-top-section elementor-element elementor-element-1918676 elementor-section-stretched elementor-section-full_width elementor-section-height-default elementor-section-height-default\" data-id=\"1918676\" data-element_type=\"section\" data-settings=\"{&quot;stretch_section&quot;:&quot;section-stretched&quot;}\">\n\t\t\t\t\t\t<div class=\"elementor-container elementor-column-gap-default\">\n\t\t\t\t\t<div class=\"elementor-column elementor-col-100 elementor-top-column elementor-element elementor-element-3807e4d\" data-id=\"3807e4d\" data-element_type=\"column\" data-settings=\"{&quot;avante_ext_is_scrollme&quot;:&quot;false&quot;,&quot;avante_ext_is_smoove&quot;:&quot;false&quot;,&quot;avante_ext_is_parallax_mouse&quot;:&quot;false&quot;,&quot;avante_ext_is_infinite&quot;:&quot;false&quot;,&quot;avante_ext_link_sidemenu&quot;:&quot;false&quot;}\">\n\t\t\t<div class=\"elementor-widget-wrap elementor-element-populated\">\n\t\t\t\t\t\t\t\t<div class=\"elementor-element elementor-element-de0ab3f elementor-widget elementor-widget-avante-blog-posts\" data-id=\"de0ab3f\" data-element_type=\"widget\" data-settings=\"{&quot;avante_ext_is_scrollme&quot;:&quot;false&quot;,&quot;avante_ext_is_smoove&quot;:&quot;false&quot;,&quot;avante_ext_is_parallax_mouse&quot;:&quot;false&quot;,&quot;avante_ext_is_infinite&quot;:&quot;false&quot;,&quot;avante_ext_link_sidemenu&quot;:&quot;false&quot;}\" data-widget_type=\"avante-blog-posts.default\">\n\t\t\t\t<div class=\"elementor-widget-container\">\n\t\t\t<div class=\"blog-post-content-wrapper layout-metro_no_space\">\n\n<!-- Begin each blog post -->\n<div class=\"blog-posts-metro_no_space blog-tilt smoove disable_tablet large-grid count_for_large_0 next_for_large5 post-8390 post type-post status-publish format-standard has-post-thumbnail hentry category-casos-de-sucesso\" style=\"background-image:url(https:\/\/th1nk.pt\/pt\/wp-content\/uploads\/2023\/09\/GettyImages-13172067441-1024x576.jpg);\" data-delay=\"100\" data-minwidth=\"769\">\n\n\t<div class=\"post-wrapper\">\n\t\t\n\t\t<div class=\"post-content-wrapper text-\">\n\t\t    \n\t\t    <div class=\"post-header\">\n\t\t\t    \t\t\t\t<div class=\"post-header-title\">\n\t\t\t\t    <h5><a href=\"https:\/\/th1nk.pt\/pt\/a-lista-com-os-100-destinos-mais-sustentaveis-de-2022\/\" title=\"A lista com os 100 destinos mais sustent\u00e1veis \u200b\u200bde 2022\">A lista com os 100 destinos mais sustent\u00e1veis \u200b\u200bde 2022<\/a><\/h5>\n\t\t\t\t<\/div>\n\t\t\t\t\n\t\t\t\t<div class=\"post-header-wrapper\">\n\t\t\t\t\t\t\t    <div class=\"post-button-wrapper\">\n\t\t\t\t    <a class=\"continue-reading\" href=\"https:\/\/th1nk.pt\/pt\/a-lista-com-os-100-destinos-mais-sustentaveis-de-2022\/\" title=\"A lista com os 100 destinos mais sustent\u00e1veis \u200b\u200bde 2022\">Continue Reading<span><\/span><\/a>\n\t\t\t\t    \n\t\t\t\t    \t\t\t    <\/div>\n\t\t\t<\/div>\n\t\t\t<\/div>\n\t    <\/div>\n\t    \n\t<\/div>\n\n<\/div>\n\n<!-- End each blog post -->\n\n<!-- Begin each blog post -->\n<div class=\"blog-posts-metro_no_space blog-tilt smoove disable_tablet  count_for_large_1 next_for_large5 post-8387 post type-post status-publish format-standard has-post-thumbnail hentry category-casos-de-sucesso\" style=\"background-image:url(https:\/\/th1nk.pt\/pt\/wp-content\/uploads\/2023\/08\/Sustentabilidade-792x475-1-610x475.jpg);\" data-delay=\"200\" data-minwidth=\"769\">\n\n\t<div class=\"post-wrapper\">\n\t\t\n\t\t<div class=\"post-content-wrapper text-\">\n\t\t    \n\t\t    <div class=\"post-header\">\n\t\t\t    \t\t\t\t<div class=\"post-header-title\">\n\t\t\t\t    <h5><a href=\"https:\/\/th1nk.pt\/pt\/sustentabilidade-como-elemento-chave-na-agenda-de-viagens-dos-turistas-2\/\" title=\"Sustentabilidade como elemento-chave na agenda de viagens dos turistas\">Sustentabilidade como elemento-chave na agenda de viagens dos turistas<\/a><\/h5>\n\t\t\t\t<\/div>\n\t\t\t\t\n\t\t\t\t<div class=\"post-header-wrapper\">\n\t\t\t\t\t\t\t    <div class=\"post-button-wrapper\">\n\t\t\t\t    <a class=\"continue-reading\" href=\"https:\/\/th1nk.pt\/pt\/sustentabilidade-como-elemento-chave-na-agenda-de-viagens-dos-turistas-2\/\" title=\"Sustentabilidade como elemento-chave na agenda de viagens dos turistas\">Continue Reading<span><\/span><\/a>\n\t\t\t\t    \n\t\t\t\t    \t\t\t    <\/div>\n\t\t\t<\/div>\n\t\t\t<\/div>\n\t    <\/div>\n\t    \n\t<\/div>\n\n<\/div>\n\n<!-- End each blog post -->\n\n<!-- Begin each blog post -->\n<div class=\"blog-posts-metro_no_space blog-tilt smoove disable_tablet  count_for_large_2 next_for_large5 post-8385 post type-post status-publish format-standard has-post-thumbnail hentry category-casos-de-sucesso\" style=\"background-image:url(https:\/\/th1nk.pt\/pt\/wp-content\/uploads\/2023\/08\/green_destinatios-610x610.jpg);\" data-delay=\"300\" data-minwidth=\"769\">\n\n\t<div class=\"post-wrapper\">\n\t\t\n\t\t<div class=\"post-content-wrapper text-\">\n\t\t    \n\t\t    <div class=\"post-header\">\n\t\t\t    \t\t\t\t<div class=\"post-header-title\">\n\t\t\t\t    <h5><a href=\"https:\/\/th1nk.pt\/pt\/arouca-conquista-certificacao-internacional-de-destino-turistico-sustentavel-com-galardao-ouro\/\" title=\"Arouca conquista certifica\u00e7\u00e3o internacional de destino tur\u00edstico sustent\u00e1vel com galard\u00e3o Ouro\">Arouca conquista certifica\u00e7\u00e3o internacional de destino tur\u00edstico sustent\u00e1vel com galard\u00e3o Ouro<\/a><\/h5>\n\t\t\t\t<\/div>\n\t\t\t\t\n\t\t\t\t<div class=\"post-header-wrapper\">\n\t\t\t\t\t\t\t    <div class=\"post-button-wrapper\">\n\t\t\t\t    <a class=\"continue-reading\" href=\"https:\/\/th1nk.pt\/pt\/arouca-conquista-certificacao-internacional-de-destino-turistico-sustentavel-com-galardao-ouro\/\" title=\"Arouca conquista certifica\u00e7\u00e3o internacional de destino tur\u00edstico sustent\u00e1vel com galard\u00e3o Ouro\">Continue Reading<span><\/span><\/a>\n\t\t\t\t    \n\t\t\t\t    \t\t\t    <\/div>\n\t\t\t<\/div>\n\t\t\t<\/div>\n\t    <\/div>\n\t    \n\t<\/div>\n\n<\/div>\n\n<!-- End each blog post -->\n\n<!-- Begin each blog post -->\n<div class=\"blog-posts-metro_no_space blog-tilt smoove disable_tablet  count_for_large_3 next_for_large5 post-8106 post type-post status-publish format-standard has-post-thumbnail hentry category-casos-de-sucesso\" style=\"background-image:url(https:\/\/th1nk.pt\/pt\/wp-content\/uploads\/2023\/08\/cascais-ayy-mymbep-a.jpg-610x610.webp);\" data-delay=\"100\" data-minwidth=\"769\">\n\n\t<div class=\"post-wrapper\">\n\t\t\n\t\t<div class=\"post-content-wrapper text-\">\n\t\t    \n\t\t    <div class=\"post-header\">\n\t\t\t    \t\t\t\t<div class=\"post-header-title\">\n\t\t\t\t    <h5><a href=\"https:\/\/th1nk.pt\/pt\/dez-destinos-de-espanha-e-portugal-entre-os-mais-sustentaveis-do-mundo\/\" title=\"Dez destinos de Espanha e Portugal entre os mais sustent\u00e1veis \u200b\u200bdo mundo\">Dez destinos de Espanha e Portugal entre os mais sustent\u00e1veis \u200b\u200bdo mundo<\/a><\/h5>\n\t\t\t\t<\/div>\n\t\t\t\t\n\t\t\t\t<div class=\"post-header-wrapper\">\n\t\t\t\t\t\t\t    <div class=\"post-button-wrapper\">\n\t\t\t\t    <a class=\"continue-reading\" href=\"https:\/\/th1nk.pt\/pt\/dez-destinos-de-espanha-e-portugal-entre-os-mais-sustentaveis-do-mundo\/\" title=\"Dez destinos de Espanha e Portugal entre os mais sustent\u00e1veis \u200b\u200bdo mundo\">Continue Reading<span><\/span><\/a>\n\t\t\t\t    \n\t\t\t\t    \t\t\t    <\/div>\n\t\t\t<\/div>\n\t\t\t<\/div>\n\t    <\/div>\n\t    \n\t<\/div>\n\n<\/div>\n\n<!-- End each blog post -->\n<\/div>\n<br class=\"clear\"\/>\t\t<\/div>\n\t\t\t\t<\/div>\n\t\t\t\t\t<\/div>\n\t\t<\/div>\n\t\t\t\t\t\t\t<\/div>\n\t\t<\/section>\n\t\t\t\t\t\t\t<\/div>\n\t\t","protected":false},"excerpt":{"rendered":"","protected":false},"author":1,"featured_media":0,"parent":0,"menu_order":0,"comment_status":"closed","ping_status":"closed","template":"","meta":{"footnotes":""},"class_list":["post-3423","page","type-page","status-publish","hentry"],"aioseo_notices":[],"_links":{"self":[{"href":"https:\/\/th1nk.pt\/pt\/wp-json\/wp\/v2\/pages\/3423","targetHints":{"allow":["GET"]}}],"collection":[{"href":"https:\/\/th1nk.pt\/pt\/wp-json\/wp\/v2\/pages"}],"about":[{"href":"https:\/\/th1nk.pt\/pt\/wp-json\/wp\/v2\/types\/page"}],"author":[{"embeddable":true,"href":"https:\/\/th1nk.pt\/pt\/wp-json\/wp\/v2\/users\/1"}],"replies":[{"embeddable":true,"href":"https:\/\/th1nk.pt\/pt\/wp-json\/wp\/v2\/comments?post=3423"}],"version-history":[{"count":0,"href":"https:\/\/th1nk.pt\/pt\/wp-json\/wp\/v2\/pages\/3423\/revisions"}],"wp:attachment":[{"href":"https:\/\/th1nk.pt\/pt\/wp-json\/wp\/v2\/media?parent=3423"}],"curies":[{"name":"wp","href":"https:\/\/api.w.org\/{rel}","templated":true}]}}