{"id":3427,"date":"2019-10-28T09:40:49","date_gmt":"2019-10-28T09:40:49","guid":{"rendered":"https:\/\/themes.themegoods.com\/avante\/?page_id=3427"},"modified":"2019-10-28T09:40:49","modified_gmt":"2019-10-28T09:40:49","slug":"blog-metro","status":"publish","type":"page","link":"https:\/\/th1nk.pt\/pt\/blog-metro\/","title":{"rendered":"Blog Metro"},"content":{"rendered":"\t\t<div data-elementor-type=\"wp-page\" data-elementor-id=\"3427\" class=\"elementor elementor-3427\" data-elementor-post-type=\"page\">\n\t\t\t\t\t\t\t\t\t<section class=\"elementor-section elementor-top-section elementor-element elementor-element-bdec612 elementor-section-stretched elementor-section-height-min-height elementor-section-content-middle elementor-section-boxed elementor-section-height-default elementor-section-items-middle\" data-id=\"bdec612\" data-element_type=\"section\" data-settings=\"{&quot;stretch_section&quot;:&quot;section-stretched&quot;,&quot;background_background&quot;:&quot;classic&quot;}\">\n\t\t\t\t\t\t<div class=\"elementor-container elementor-column-gap-default\">\n\t\t\t\t\t<div class=\"elementor-column elementor-col-100 elementor-top-column elementor-element elementor-element-84d2dcf\" data-id=\"84d2dcf\" data-element_type=\"column\" data-settings=\"{&quot;avante_ext_is_scrollme&quot;:&quot;false&quot;,&quot;avante_ext_is_smoove&quot;:&quot;false&quot;,&quot;avante_ext_is_parallax_mouse&quot;:&quot;false&quot;,&quot;avante_ext_is_infinite&quot;:&quot;false&quot;,&quot;avante_ext_link_sidemenu&quot;:&quot;false&quot;}\">\n\t\t\t<div class=\"elementor-widget-wrap elementor-element-populated\">\n\t\t\t\t\t\t\t\t<div class=\"elementor-element elementor-element-5a94bec elementor-widget elementor-widget-heading\" data-id=\"5a94bec\" data-element_type=\"widget\" data-settings=\"{&quot;avante_ext_is_scrollme&quot;:&quot;false&quot;,&quot;avante_ext_is_parallax_mouse&quot;:&quot;false&quot;,&quot;avante_ext_is_infinite&quot;:&quot;false&quot;,&quot;avante_ext_link_sidemenu&quot;:&quot;false&quot;}\" data-widget_type=\"heading.default\">\n\t\t\t\t<div class=\"elementor-widget-container\">\n\t\t\t<style>\/*! elementor - v3.16.0 - 14-09-2023 *\/\n.elementor-heading-title{padding:0;margin:0;line-height:1}.elementor-widget-heading .elementor-heading-title[class*=elementor-size-]>a{color:inherit;font-size:inherit;line-height:inherit}.elementor-widget-heading .elementor-heading-title.elementor-size-small{font-size:15px}.elementor-widget-heading .elementor-heading-title.elementor-size-medium{font-size:19px}.elementor-widget-heading .elementor-heading-title.elementor-size-large{font-size:29px}.elementor-widget-heading .elementor-heading-title.elementor-size-xl{font-size:39px}.elementor-widget-heading .elementor-heading-title.elementor-size-xxl{font-size:59px}<\/style><span class=\"elementor-heading-title elementor-size-default\">News<\/span>\t\t<\/div>\n\t\t\t\t<\/div>\n\t\t\t\t<div class=\"elementor-element elementor-element-81b446b elementor-widget elementor-widget-heading\" data-id=\"81b446b\" data-element_type=\"widget\" data-settings=\"{&quot;avante_ext_is_scrollme&quot;:&quot;false&quot;,&quot;avante_ext_is_smoove&quot;:&quot;false&quot;,&quot;avante_ext_is_parallax_mouse&quot;:&quot;false&quot;,&quot;avante_ext_is_infinite&quot;:&quot;false&quot;,&quot;avante_ext_link_sidemenu&quot;:&quot;false&quot;}\" data-widget_type=\"heading.default\">\n\t\t\t\t<div class=\"elementor-widget-container\">\n\t\t\t<h1 class=\"elementor-heading-title elementor-size-default\">The Blog<\/h1>\t\t<\/div>\n\t\t\t\t<\/div>\n\t\t\t\t\t<\/div>\n\t\t<\/div>\n\t\t\t\t\t\t\t<\/div>\n\t\t<\/section>\n\t\t\t\t<section class=\"elementor-section elementor-top-section elementor-element elementor-element-499eea2 elementor-section-full_width elementor-section-height-default elementor-section-height-default\" data-id=\"499eea2\" data-element_type=\"section\">\n\t\t\t\t\t\t<div class=\"elementor-container elementor-column-gap-default\">\n\t\t\t\t\t<div class=\"elementor-column elementor-col-100 elementor-top-column elementor-element elementor-element-ba24789\" data-id=\"ba24789\" data-element_type=\"column\" data-settings=\"{&quot;avante_ext_is_scrollme&quot;:&quot;false&quot;,&quot;avante_ext_is_smoove&quot;:&quot;false&quot;,&quot;avante_ext_is_parallax_mouse&quot;:&quot;false&quot;,&quot;avante_ext_is_infinite&quot;:&quot;false&quot;,&quot;avante_ext_link_sidemenu&quot;:&quot;false&quot;}\">\n\t\t\t<div class=\"elementor-widget-wrap elementor-element-populated\">\n\t\t\t\t\t\t\t\t<div class=\"elementor-element elementor-element-177899c elementor-widget elementor-widget-avante-blog-posts\" data-id=\"177899c\" data-element_type=\"widget\" data-settings=\"{&quot;avante_ext_is_scrollme&quot;:&quot;false&quot;,&quot;avante_ext_is_smoove&quot;:&quot;false&quot;,&quot;avante_ext_is_parallax_mouse&quot;:&quot;false&quot;,&quot;avante_ext_is_infinite&quot;:&quot;false&quot;,&quot;avante_ext_link_sidemenu&quot;:&quot;false&quot;}\" data-widget_type=\"avante-blog-posts.default\">\n\t\t\t\t<div class=\"elementor-widget-container\">\n\t\t\t<div class=\"blog-post-content-wrapper layout-metro\">\n\n<div class=\"post-metro-left-wrapper\">\n<!-- Begin each blog post -->\n<div class=\"blog-posts-metro post-8390 post type-post status-publish format-standard has-post-thumbnail hentry category-casos-de-sucesso\">\n\n\t<div class=\"post-wrapper smoove disable_tablet\" data-move-y=\"450px\" data-rotate-x=\"24deg\" data-delay=\"100\">\n\t\t\n\t\t\t\t    <div class=\"post-featured-image static\">\n\t\t\t    \t\t\t    <div class=\"post-featured-image-hover \">\n\t\t\t     \t\t\t\t\t     <img decoding=\"async\"  src=\"https:\/\/th1nk.pt\/pt\/wp-content\/uploads\/2023\/09\/GettyImages-13172067441-960x550.jpg\" class=\"lazy_masonry smoove disable_tablet\" alt=\"\"\/>\n\t\t\t\t     \t\t\t     \t\t\t\t     \t<a href=\"https:\/\/th1nk.pt\/pt\/a-lista-com-os-100-destinos-mais-sustentaveis-de-2022\/\"><\/a>\n\t\t\t    <\/div>\n\t\t    <\/div>\n\t\t\t    \n\t    <div class=\"post-content-wrapper text-\">\n\t\t    \n\t\t    <div class=\"post-header\">\n\t\t\t    \t\t\t    <div class=\"post-detail single-post\">\n\t\t\t\t    \n\t\t\t    \t<span class=\"post-info-cat\">\n\t\t\t\t\t\t\t\t\t\t\t\t      \t<a href=\"https:\/\/th1nk.pt\/pt\/category\/casos-de-sucesso\/\">Casos de Sucesso<\/a>\n\t\t\t\t\t\t\t\t\t    \t<\/span>\n\t\t\t \t<\/div>\n\t\t\t \t\t\t\t\t<div class=\"post-header-title\">\n\t\t\t\t    <h5><a href=\"https:\/\/th1nk.pt\/pt\/a-lista-com-os-100-destinos-mais-sustentaveis-de-2022\/\" title=\"A lista com os 100 destinos mais sustent\u00e1veis \u200b\u200bde 2022\">A lista com os 100 destinos mais sustent\u00e1veis \u200b\u200bde 2022<\/a><\/h5>\n\t\t\t\t<\/div>\n\t\t\t<\/div>\n\t    \n\t\t\t<div class=\"post-header-wrapper\">\n\t\t\t\t<p>Todos os anos, a organiza\u00e7\u00e3o Green Destinations publica a lista dos 100 destinos mais sustent\u00e1veis \u200b\u200bdo mundo. Veja aqui quais...<\/p>\t\t\t    <div class=\"post-button-wrapper\">\n\t\t\t\t    <a class=\"continue-reading\" href=\"https:\/\/th1nk.pt\/pt\/a-lista-com-os-100-destinos-mais-sustentaveis-de-2022\/\" title=\"A lista com os 100 destinos mais sustent\u00e1veis \u200b\u200bde 2022\">Continue Reading<span><\/span><\/a>\n\t\t\t\t    \n\t\t\t\t    \t\t\t    <\/div>\n\t\t\t    <br class=\"clear\"\/>\n\t\t\t<\/div>\n\t    <\/div>\n\t    \n\t<\/div>\n\n<\/div>\n<!-- End each blog post -->\n<\/div>\n\n<div class=\"post-metro-right-wrapper layout-metro_masonry\">\n<!-- Begin each blog post -->\n<div class=\"blog-posts-metro post-8387 post type-post status-publish format-standard has-post-thumbnail hentry category-casos-de-sucesso\">\n\n\t<div class=\"post-wrapper smoove disable_tablet\" data-move-y=\"450px\" data-rotate-x=\"24deg\" data-delay=\"200\">\n\t\t\n\t\t\t\t    <div class=\"post-featured-image static\">\n\t\t\t    \t\t\t    <div class=\"post-featured-image-hover \">\n\t\t\t     \t\t\t\t\t     <img decoding=\"async\"  src=\"https:\/\/th1nk.pt\/pt\/wp-content\/uploads\/2023\/08\/Sustentabilidade-792x475-1.jpg\" class=\"lazy_masonry smoove disable_tablet\" alt=\"\"\/>\n\t\t\t\t     \t\t\t     \t\t\t\t     \t<a href=\"https:\/\/th1nk.pt\/pt\/sustentabilidade-como-elemento-chave-na-agenda-de-viagens-dos-turistas-2\/\"><\/a>\n\t\t\t    <\/div>\n\t\t    <\/div>\n\t\t\t    \n\t    <div class=\"post-content-wrapper text-\">\n\t\t    \n\t\t    <div class=\"post-header\">\n\t\t\t    \t\t\t    <div class=\"post-detail single-post\">\n\t\t\t\t    \n\t\t\t    \t<span class=\"post-info-cat\">\n\t\t\t\t\t\t\t\t\t\t\t\t      \t<a href=\"https:\/\/th1nk.pt\/pt\/category\/casos-de-sucesso\/\">Casos de Sucesso<\/a>\n\t\t\t\t\t\t\t\t\t    \t<\/span>\n\t\t\t \t<\/div>\n\t\t\t \t\t\t\t\t<div class=\"post-header-title\">\n\t\t\t\t    <h5><a href=\"https:\/\/th1nk.pt\/pt\/sustentabilidade-como-elemento-chave-na-agenda-de-viagens-dos-turistas-2\/\" title=\"Sustentabilidade como elemento-chave na agenda de viagens dos turistas\">Sustentabilidade como elemento-chave na agenda de viagens dos turistas<\/a><\/h5>\n\t\t\t\t<\/div>\n\t\t\t<\/div>\n\t    \n\t\t\t<div class=\"post-header-wrapper\">\n\t\t\t\t\t\t\t    <div class=\"post-button-wrapper\">\n\t\t\t\t    <a class=\"continue-reading\" href=\"https:\/\/th1nk.pt\/pt\/sustentabilidade-como-elemento-chave-na-agenda-de-viagens-dos-turistas-2\/\" title=\"Sustentabilidade como elemento-chave na agenda de viagens dos turistas\">Continue Reading<span><\/span><\/a>\n\t\t\t\t    \n\t\t\t\t    \t\t\t    <\/div>\n\t\t\t    <br class=\"clear\"\/>\n\t\t\t<\/div>\n\t    <\/div>\n\t    \n\t<\/div>\n\n<\/div>\n<!-- End each blog post -->\n\n<!-- Begin each blog post -->\n<div class=\"blog-posts-metro post-8385 post type-post status-publish format-standard has-post-thumbnail hentry category-casos-de-sucesso\">\n\n\t<div class=\"post-wrapper smoove disable_tablet\" data-move-y=\"450px\" data-rotate-x=\"24deg\" data-delay=\"300\">\n\t\t\n\t\t\t\t    <div class=\"post-featured-image static\">\n\t\t\t    \t\t\t    <div class=\"post-featured-image-hover \">\n\t\t\t     \t\t\t\t\t     <img decoding=\"async\"  src=\"https:\/\/th1nk.pt\/pt\/wp-content\/uploads\/2023\/08\/green_destinatios-960x550.jpg\" class=\"lazy_masonry smoove disable_tablet\" alt=\"\"\/>\n\t\t\t\t     \t\t\t     \t\t\t\t     \t<a href=\"https:\/\/th1nk.pt\/pt\/arouca-conquista-certificacao-internacional-de-destino-turistico-sustentavel-com-galardao-ouro\/\"><\/a>\n\t\t\t    <\/div>\n\t\t    <\/div>\n\t\t\t    \n\t    <div class=\"post-content-wrapper text-\">\n\t\t    \n\t\t    <div class=\"post-header\">\n\t\t\t    \t\t\t    <div class=\"post-detail single-post\">\n\t\t\t\t    \n\t\t\t    \t<span class=\"post-info-cat\">\n\t\t\t\t\t\t\t\t\t\t\t\t      \t<a href=\"https:\/\/th1nk.pt\/pt\/category\/casos-de-sucesso\/\">Casos de Sucesso<\/a>\n\t\t\t\t\t\t\t\t\t    \t<\/span>\n\t\t\t \t<\/div>\n\t\t\t \t\t\t\t\t<div class=\"post-header-title\">\n\t\t\t\t    <h5><a href=\"https:\/\/th1nk.pt\/pt\/arouca-conquista-certificacao-internacional-de-destino-turistico-sustentavel-com-galardao-ouro\/\" title=\"Arouca conquista certifica\u00e7\u00e3o internacional de destino tur\u00edstico sustent\u00e1vel com galard\u00e3o Ouro\">Arouca conquista certifica\u00e7\u00e3o internacional de destino tur\u00edstico sustent\u00e1vel com galard\u00e3o Ouro<\/a><\/h5>\n\t\t\t\t<\/div>\n\t\t\t<\/div>\n\t    \n\t\t\t<div class=\"post-header-wrapper\">\n\t\t\t\t\t\t\t    <div class=\"post-button-wrapper\">\n\t\t\t\t    <a class=\"continue-reading\" href=\"https:\/\/th1nk.pt\/pt\/arouca-conquista-certificacao-internacional-de-destino-turistico-sustentavel-com-galardao-ouro\/\" title=\"Arouca conquista certifica\u00e7\u00e3o internacional de destino tur\u00edstico sustent\u00e1vel com galard\u00e3o Ouro\">Continue Reading<span><\/span><\/a>\n\t\t\t\t    \n\t\t\t\t    \t\t\t    <\/div>\n\t\t\t    <br class=\"clear\"\/>\n\t\t\t<\/div>\n\t    <\/div>\n\t    \n\t<\/div>\n\n<\/div>\n<!-- End each blog post -->\n\n<!-- Begin each blog post -->\n<div class=\"blog-posts-metro post-8106 post type-post status-publish format-standard has-post-thumbnail hentry category-casos-de-sucesso\">\n\n\t<div class=\"post-wrapper smoove disable_tablet\" data-move-y=\"450px\" data-rotate-x=\"24deg\" data-delay=\"100\">\n\t\t\n\t\t\t\t    <div class=\"post-featured-image static\">\n\t\t\t    \t\t\t    <div class=\"post-featured-image-hover \">\n\t\t\t     \t\t\t\t\t     <img decoding=\"async\"  src=\"https:\/\/th1nk.pt\/pt\/wp-content\/uploads\/2023\/08\/cascais-ayy-mymbep-a.jpg-850x550.webp\" class=\"lazy_masonry smoove disable_tablet\" alt=\"\"\/>\n\t\t\t\t     \t\t\t     \t\t\t\t     \t<a href=\"https:\/\/th1nk.pt\/pt\/dez-destinos-de-espanha-e-portugal-entre-os-mais-sustentaveis-do-mundo\/\"><\/a>\n\t\t\t    <\/div>\n\t\t    <\/div>\n\t\t\t    \n\t    <div class=\"post-content-wrapper text-\">\n\t\t    \n\t\t    <div class=\"post-header\">\n\t\t\t    \t\t\t    <div class=\"post-detail single-post\">\n\t\t\t\t    \n\t\t\t    \t<span class=\"post-info-cat\">\n\t\t\t\t\t\t\t\t\t\t\t\t      \t<a href=\"https:\/\/th1nk.pt\/pt\/category\/casos-de-sucesso\/\">Casos de Sucesso<\/a>\n\t\t\t\t\t\t\t\t\t    \t<\/span>\n\t\t\t \t<\/div>\n\t\t\t \t\t\t\t\t<div class=\"post-header-title\">\n\t\t\t\t    <h5><a href=\"https:\/\/th1nk.pt\/pt\/dez-destinos-de-espanha-e-portugal-entre-os-mais-sustentaveis-do-mundo\/\" title=\"Dez destinos de Espanha e Portugal entre os mais sustent\u00e1veis \u200b\u200bdo mundo\">Dez destinos de Espanha e Portugal entre os mais sustent\u00e1veis \u200b\u200bdo mundo<\/a><\/h5>\n\t\t\t\t<\/div>\n\t\t\t<\/div>\n\t    \n\t\t\t<div class=\"post-header-wrapper\">\n\t\t\t\t\t\t\t    <div class=\"post-button-wrapper\">\n\t\t\t\t    <a class=\"continue-reading\" href=\"https:\/\/th1nk.pt\/pt\/dez-destinos-de-espanha-e-portugal-entre-os-mais-sustentaveis-do-mundo\/\" title=\"Dez destinos de Espanha e Portugal entre os mais sustent\u00e1veis \u200b\u200bdo mundo\">Continue Reading<span><\/span><\/a>\n\t\t\t\t    \n\t\t\t\t    \t\t\t    <\/div>\n\t\t\t    <br class=\"clear\"\/>\n\t\t\t<\/div>\n\t    <\/div>\n\t    \n\t<\/div>\n\n<\/div>\n<!-- End each blog post -->\n<\/div><br class=\"clear\"\/>\n<\/div>\n<br class=\"clear\"\/>\t\t<\/div>\n\t\t\t\t<\/div>\n\t\t\t\t\t<\/div>\n\t\t<\/div>\n\t\t\t\t\t\t\t<\/div>\n\t\t<\/section>\n\t\t\t\t\t\t\t<\/div>\n\t\t","protected":false},"excerpt":{"rendered":"<p>News The Blog Career &nbsp;&middot;&nbsp; Family &nbsp;&middot;&nbsp; Life 10 Things Successful Mompreneurs Do Different Exercitation photo booth stumptown tote bag Banksy, elit small batch freegan sed Craft beer elit seitan exercitation, photo booth et 8-bit kale chips proident chillwave deep [&hellip;]<\/p>\n","protected":false},"author":1,"featured_media":0,"parent":0,"menu_order":0,"comment_status":"closed","ping_status":"closed","template":"","meta":{"footnotes":""},"class_list":["post-3427","page","type-page","status-publish","hentry"],"aioseo_notices":[],"_links":{"self":[{"href":"https:\/\/th1nk.pt\/pt\/wp-json\/wp\/v2\/pages\/3427","targetHints":{"allow":["GET"]}}],"collection":[{"href":"https:\/\/th1nk.pt\/pt\/wp-json\/wp\/v2\/pages"}],"about":[{"href":"https:\/\/th1nk.pt\/pt\/wp-json\/wp\/v2\/types\/page"}],"author":[{"embeddable":true,"href":"https:\/\/th1nk.pt\/pt\/wp-json\/wp\/v2\/users\/1"}],"replies":[{"embeddable":true,"href":"https:\/\/th1nk.pt\/pt\/wp-json\/wp\/v2\/comments?post=3427"}],"version-history":[{"count":0,"href":"https:\/\/th1nk.pt\/pt\/wp-json\/wp\/v2\/pages\/3427\/revisions"}],"wp:attachment":[{"href":"https:\/\/th1nk.pt\/pt\/wp-json\/wp\/v2\/media?parent=3427"}],"curies":[{"name":"wp","href":"https:\/\/api.w.org\/{rel}","templated":true}]}}