{"id":3467,"date":"2019-10-29T06:38:14","date_gmt":"2019-10-29T06:38:14","guid":{"rendered":"https:\/\/themes.themegoods.com\/avante\/?page_id=3467"},"modified":"2019-10-29T06:38:14","modified_gmt":"2019-10-29T06:38:14","slug":"blog-list","status":"publish","type":"page","link":"https:\/\/th1nk.pt\/pt\/blog-list\/","title":{"rendered":"Blog List"},"content":{"rendered":"\t\t<div data-elementor-type=\"wp-page\" data-elementor-id=\"3467\" class=\"elementor elementor-3467\" data-elementor-post-type=\"page\">\n\t\t\t\t\t\t\t\t\t<section class=\"elementor-section elementor-top-section elementor-element elementor-element-891e803 elementor-section-stretched elementor-section-height-min-height elementor-section-content-middle elementor-section-boxed elementor-section-height-default elementor-section-items-middle\" data-id=\"891e803\" data-element_type=\"section\" data-settings=\"{&quot;stretch_section&quot;:&quot;section-stretched&quot;,&quot;background_background&quot;:&quot;classic&quot;}\">\n\t\t\t\t\t\t<div class=\"elementor-container elementor-column-gap-default\">\n\t\t\t\t\t<div class=\"elementor-column elementor-col-100 elementor-top-column elementor-element elementor-element-4200b3d\" data-id=\"4200b3d\" data-element_type=\"column\" data-settings=\"{&quot;avante_ext_is_scrollme&quot;:&quot;false&quot;,&quot;avante_ext_is_smoove&quot;:&quot;false&quot;,&quot;avante_ext_is_parallax_mouse&quot;:&quot;false&quot;,&quot;avante_ext_is_infinite&quot;:&quot;false&quot;,&quot;avante_ext_link_sidemenu&quot;:&quot;false&quot;}\">\n\t\t\t<div class=\"elementor-widget-wrap elementor-element-populated\">\n\t\t\t\t\t\t\t\t<div class=\"elementor-element elementor-element-ae9eaac elementor-widget elementor-widget-heading\" data-id=\"ae9eaac\" data-element_type=\"widget\" data-settings=\"{&quot;avante_ext_is_scrollme&quot;:&quot;false&quot;,&quot;avante_ext_is_parallax_mouse&quot;:&quot;false&quot;,&quot;avante_ext_is_infinite&quot;:&quot;false&quot;,&quot;avante_ext_link_sidemenu&quot;:&quot;false&quot;}\" data-widget_type=\"heading.default\">\n\t\t\t\t<div class=\"elementor-widget-container\">\n\t\t\t<style>\/*! elementor - v3.16.0 - 14-09-2023 *\/\n.elementor-heading-title{padding:0;margin:0;line-height:1}.elementor-widget-heading .elementor-heading-title[class*=elementor-size-]>a{color:inherit;font-size:inherit;line-height:inherit}.elementor-widget-heading .elementor-heading-title.elementor-size-small{font-size:15px}.elementor-widget-heading .elementor-heading-title.elementor-size-medium{font-size:19px}.elementor-widget-heading .elementor-heading-title.elementor-size-large{font-size:29px}.elementor-widget-heading .elementor-heading-title.elementor-size-xl{font-size:39px}.elementor-widget-heading .elementor-heading-title.elementor-size-xxl{font-size:59px}<\/style><span class=\"elementor-heading-title elementor-size-default\">News<\/span>\t\t<\/div>\n\t\t\t\t<\/div>\n\t\t\t\t<div class=\"elementor-element elementor-element-a1614a9 elementor-widget elementor-widget-heading\" data-id=\"a1614a9\" data-element_type=\"widget\" data-settings=\"{&quot;avante_ext_is_scrollme&quot;:&quot;false&quot;,&quot;avante_ext_is_smoove&quot;:&quot;false&quot;,&quot;avante_ext_is_parallax_mouse&quot;:&quot;false&quot;,&quot;avante_ext_is_infinite&quot;:&quot;false&quot;,&quot;avante_ext_link_sidemenu&quot;:&quot;false&quot;}\" data-widget_type=\"heading.default\">\n\t\t\t\t<div class=\"elementor-widget-container\">\n\t\t\t<h1 class=\"elementor-heading-title elementor-size-default\">The Blog<\/h1>\t\t<\/div>\n\t\t\t\t<\/div>\n\t\t\t\t\t<\/div>\n\t\t<\/div>\n\t\t\t\t\t\t\t<\/div>\n\t\t<\/section>\n\t\t\t\t<section class=\"elementor-section elementor-top-section elementor-element elementor-element-b553ea6 elementor-section-full_width elementor-section-height-default elementor-section-height-default\" data-id=\"b553ea6\" data-element_type=\"section\">\n\t\t\t\t\t\t<div class=\"elementor-container elementor-column-gap-default\">\n\t\t\t\t\t<div class=\"elementor-column elementor-col-100 elementor-top-column elementor-element elementor-element-3cfc5b5\" data-id=\"3cfc5b5\" data-element_type=\"column\" data-settings=\"{&quot;avante_ext_is_scrollme&quot;:&quot;false&quot;,&quot;avante_ext_is_smoove&quot;:&quot;false&quot;,&quot;avante_ext_is_parallax_mouse&quot;:&quot;false&quot;,&quot;avante_ext_is_infinite&quot;:&quot;false&quot;,&quot;avante_ext_link_sidemenu&quot;:&quot;false&quot;}\">\n\t\t\t<div class=\"elementor-widget-wrap elementor-element-populated\">\n\t\t\t\t\t\t\t\t<div class=\"elementor-element elementor-element-4e12dd8 elementor-widget elementor-widget-avante-blog-posts\" data-id=\"4e12dd8\" data-element_type=\"widget\" data-settings=\"{&quot;avante_ext_is_scrollme&quot;:&quot;false&quot;,&quot;avante_ext_is_smoove&quot;:&quot;false&quot;,&quot;avante_ext_is_parallax_mouse&quot;:&quot;false&quot;,&quot;avante_ext_is_infinite&quot;:&quot;false&quot;,&quot;avante_ext_link_sidemenu&quot;:&quot;false&quot;}\" data-widget_type=\"avante-blog-posts.default\">\n\t\t\t\t<div class=\"elementor-widget-container\">\n\t\t\t<div class=\"blog-post-content-wrapper layout-list\">\n\n<!-- Begin each blog post -->\n<div class=\"blog-posts-list post-8390 post type-post status-publish format-standard has-post-thumbnail hentry category-casos-de-sucesso\">\n\n\t<div class=\"post-wrapper\">\n\t\t\n\t\t\t\t    <div class=\"post-featured-image static\">\n\t\t\t    \t\t\t    <div class=\"post-featured-image-hover classic \">\n\t\t\t     \t\t\t\t\t     <img decoding=\"async\"  src=\"https:\/\/th1nk.pt\/pt\/wp-content\/uploads\/2023\/09\/GettyImages-13172067441-610x610.jpg\" class=\" smoove disable_tablet\" alt=\"\"\/>\n\t\t\t\t     \t\t\t     \t\t\t\t     \t<a href=\"https:\/\/th1nk.pt\/pt\/a-lista-com-os-100-destinos-mais-sustentaveis-de-2022\/\"><\/a>\n\t\t\t    <\/div>\n\t\t    <\/div>\n\t\t\t    \n\t    <div class=\"post-content-wrapper text-\">\n\t\t    \n\t\t    <div class=\"post-header\">\n\t\t\t    \t\t\t    <div class=\"post-detail single-post\">\n\t\t\t\t    \n\t\t\t    \t<span class=\"post-info-cat\">\n\t\t\t\t\t\t\t\t\t\t\t\t      \t<a href=\"https:\/\/th1nk.pt\/pt\/category\/casos-de-sucesso\/\">Casos de Sucesso<\/a>\n\t\t\t\t\t\t\t\t\t    \t<\/span>\n\t\t\t \t<\/div>\n\t\t\t \t\t\t\t\t<div class=\"post-header-title\">\n\t\t\t\t    <h5><a href=\"https:\/\/th1nk.pt\/pt\/a-lista-com-os-100-destinos-mais-sustentaveis-de-2022\/\" title=\"A lista com os 100 destinos mais sustent\u00e1veis \u200b\u200bde 2022\">A lista com os 100 destinos mais sustent\u00e1veis \u200b\u200bde 2022<\/a><\/h5>\n\t\t\t\t<\/div>\n\t\t\t<\/div>\n\t    \n\t\t\t<div class=\"post-header-wrapper\">\n\t\t\t\t<p>Todos os anos, a organiza\u00e7\u00e3o Green Destinations publica a lista dos 100 destinos mais sustent\u00e1veis \u200b\u200bdo mundo. Veja aqui quais...<\/p>\t\t\t    <div class=\"post-button-wrapper\">\n\t\t\t\t    \t\t\t\t\t<a class=\"continue-reading\" href=\"https:\/\/th1nk.pt\/pt\/a-lista-com-os-100-destinos-mais-sustentaveis-de-2022\/\" title=\"A lista com os 100 destinos mais sustent\u00e1veis \u200b\u200bde 2022\">Continue Reading<span><\/span><\/a>\n\t\t\t\t\t\t\t\t\t    \n\t\t\t\t    \t\t\t    <\/div>\n\t\t\t<\/div>\n\t    <\/div>\n\t    \n\t<\/div>\n\n<\/div>\n<br class=\"clear\"\/>\n<!-- End each blog post -->\n<!-- Begin each blog post -->\n<div class=\"blog-posts-list post-8387 post type-post status-publish format-standard has-post-thumbnail hentry category-casos-de-sucesso\">\n\n\t<div class=\"post-wrapper\">\n\t\t\n\t\t\t\t    <div class=\"post-featured-image static\">\n\t\t\t    \t\t\t    <div class=\"post-featured-image-hover classic \">\n\t\t\t     \t\t\t\t\t     <img decoding=\"async\"  src=\"https:\/\/th1nk.pt\/pt\/wp-content\/uploads\/2023\/08\/Sustentabilidade-792x475-1-610x475.jpg\" class=\" smoove disable_tablet\" alt=\"\"\/>\n\t\t\t\t     \t\t\t     \t\t\t\t     \t<a href=\"https:\/\/th1nk.pt\/pt\/sustentabilidade-como-elemento-chave-na-agenda-de-viagens-dos-turistas-2\/\"><\/a>\n\t\t\t    <\/div>\n\t\t    <\/div>\n\t\t\t    \n\t    <div class=\"post-content-wrapper text-\">\n\t\t    \n\t\t    <div class=\"post-header\">\n\t\t\t    \t\t\t    <div class=\"post-detail single-post\">\n\t\t\t\t    \n\t\t\t    \t<span class=\"post-info-cat\">\n\t\t\t\t\t\t\t\t\t\t\t\t      \t<a href=\"https:\/\/th1nk.pt\/pt\/category\/casos-de-sucesso\/\">Casos de Sucesso<\/a>\n\t\t\t\t\t\t\t\t\t    \t<\/span>\n\t\t\t \t<\/div>\n\t\t\t \t\t\t\t\t<div class=\"post-header-title\">\n\t\t\t\t    <h5><a href=\"https:\/\/th1nk.pt\/pt\/sustentabilidade-como-elemento-chave-na-agenda-de-viagens-dos-turistas-2\/\" title=\"Sustentabilidade como elemento-chave na agenda de viagens dos turistas\">Sustentabilidade como elemento-chave na agenda de viagens dos turistas<\/a><\/h5>\n\t\t\t\t<\/div>\n\t\t\t<\/div>\n\t    \n\t\t\t<div class=\"post-header-wrapper\">\n\t\t\t\t<p>Um recente relat\u00f3rio do WTTC, em conjunto com o Grupo Trip.com e Deloitte, revela que 69% dos viajantes procuram ativamente op\u00e7\u00f5es de viagens sustent\u00e1veis. Al\u00e9m disso, tr\u00eas quartos dos...<\/p>\t\t\t    <div class=\"post-button-wrapper\">\n\t\t\t\t    \t\t\t\t\t<a class=\"continue-reading\" href=\"https:\/\/th1nk.pt\/pt\/sustentabilidade-como-elemento-chave-na-agenda-de-viagens-dos-turistas-2\/\" title=\"Sustentabilidade como elemento-chave na agenda de viagens dos turistas\">Continue Reading<span><\/span><\/a>\n\t\t\t\t\t\t\t\t\t    \n\t\t\t\t    \t\t\t    <\/div>\n\t\t\t<\/div>\n\t    <\/div>\n\t    \n\t<\/div>\n\n<\/div>\n<br class=\"clear\"\/>\n<!-- End each blog post -->\n<!-- Begin each blog post -->\n<div class=\"blog-posts-list post-8385 post type-post status-publish format-standard has-post-thumbnail hentry category-casos-de-sucesso\">\n\n\t<div class=\"post-wrapper\">\n\t\t\n\t\t\t\t    <div class=\"post-featured-image static\">\n\t\t\t    \t\t\t    <div class=\"post-featured-image-hover classic \">\n\t\t\t     \t\t\t\t\t     <img decoding=\"async\"  src=\"https:\/\/th1nk.pt\/pt\/wp-content\/uploads\/2023\/08\/green_destinatios-610x610.jpg\" class=\" smoove disable_tablet\" alt=\"\"\/>\n\t\t\t\t     \t\t\t     \t\t\t\t     \t<a href=\"https:\/\/th1nk.pt\/pt\/arouca-conquista-certificacao-internacional-de-destino-turistico-sustentavel-com-galardao-ouro\/\"><\/a>\n\t\t\t    <\/div>\n\t\t    <\/div>\n\t\t\t    \n\t    <div class=\"post-content-wrapper text-\">\n\t\t    \n\t\t    <div class=\"post-header\">\n\t\t\t    \t\t\t    <div class=\"post-detail single-post\">\n\t\t\t\t    \n\t\t\t    \t<span class=\"post-info-cat\">\n\t\t\t\t\t\t\t\t\t\t\t\t      \t<a href=\"https:\/\/th1nk.pt\/pt\/category\/casos-de-sucesso\/\">Casos de Sucesso<\/a>\n\t\t\t\t\t\t\t\t\t    \t<\/span>\n\t\t\t \t<\/div>\n\t\t\t \t\t\t\t\t<div class=\"post-header-title\">\n\t\t\t\t    <h5><a href=\"https:\/\/th1nk.pt\/pt\/arouca-conquista-certificacao-internacional-de-destino-turistico-sustentavel-com-galardao-ouro\/\" title=\"Arouca conquista certifica\u00e7\u00e3o internacional de destino tur\u00edstico sustent\u00e1vel com galard\u00e3o Ouro\">Arouca conquista certifica\u00e7\u00e3o internacional de destino tur\u00edstico sustent\u00e1vel com galard\u00e3o Ouro<\/a><\/h5>\n\t\t\t\t<\/div>\n\t\t\t<\/div>\n\t    \n\t\t\t<div class=\"post-header-wrapper\">\n\t\t\t\t<p>Foi atribu\u00eddo ao destino tur\u00edstico Arouca Geoparque Mundial da UNESCO o&nbsp;Green Destinations Gold Award&nbsp;(Grau Ouro), indicando excel\u00eancia em todos os dom\u00ednios da gest\u00e3o dos destinos...<\/p>\t\t\t    <div class=\"post-button-wrapper\">\n\t\t\t\t    \t\t\t\t\t<a class=\"continue-reading\" href=\"https:\/\/th1nk.pt\/pt\/arouca-conquista-certificacao-internacional-de-destino-turistico-sustentavel-com-galardao-ouro\/\" title=\"Arouca conquista certifica\u00e7\u00e3o internacional de destino tur\u00edstico sustent\u00e1vel com galard\u00e3o Ouro\">Continue Reading<span><\/span><\/a>\n\t\t\t\t\t\t\t\t\t    \n\t\t\t\t    \t\t\t    <\/div>\n\t\t\t<\/div>\n\t    <\/div>\n\t    \n\t<\/div>\n\n<\/div>\n<br class=\"clear\"\/>\n<!-- End each blog post -->\n<!-- Begin each blog post -->\n<div class=\"blog-posts-list post-8106 post type-post status-publish format-standard has-post-thumbnail hentry category-casos-de-sucesso\">\n\n\t<div class=\"post-wrapper\">\n\t\t\n\t\t\t\t    <div class=\"post-featured-image static\">\n\t\t\t    \t\t\t    <div class=\"post-featured-image-hover classic \">\n\t\t\t     \t\t\t\t\t     <img decoding=\"async\"  src=\"https:\/\/th1nk.pt\/pt\/wp-content\/uploads\/2023\/08\/cascais-ayy-mymbep-a.jpg-610x610.webp\" class=\" smoove disable_tablet\" alt=\"\"\/>\n\t\t\t\t     \t\t\t     \t\t\t\t     \t<a href=\"https:\/\/th1nk.pt\/pt\/dez-destinos-de-espanha-e-portugal-entre-os-mais-sustentaveis-do-mundo\/\"><\/a>\n\t\t\t    <\/div>\n\t\t    <\/div>\n\t\t\t    \n\t    <div class=\"post-content-wrapper text-\">\n\t\t    \n\t\t    <div class=\"post-header\">\n\t\t\t    \t\t\t    <div class=\"post-detail single-post\">\n\t\t\t\t    \n\t\t\t    \t<span class=\"post-info-cat\">\n\t\t\t\t\t\t\t\t\t\t\t\t      \t<a href=\"https:\/\/th1nk.pt\/pt\/category\/casos-de-sucesso\/\">Casos de Sucesso<\/a>\n\t\t\t\t\t\t\t\t\t    \t<\/span>\n\t\t\t \t<\/div>\n\t\t\t \t\t\t\t\t<div class=\"post-header-title\">\n\t\t\t\t    <h5><a href=\"https:\/\/th1nk.pt\/pt\/dez-destinos-de-espanha-e-portugal-entre-os-mais-sustentaveis-do-mundo\/\" title=\"Dez destinos de Espanha e Portugal entre os mais sustent\u00e1veis \u200b\u200bdo mundo\">Dez destinos de Espanha e Portugal entre os mais sustent\u00e1veis \u200b\u200bdo mundo<\/a><\/h5>\n\t\t\t\t<\/div>\n\t\t\t<\/div>\n\t    \n\t\t\t<div class=\"post-header-wrapper\">\n\t\t\t\t<p>Foram reconhecidos no Top 100 Global Green Destinations pelo seu compromisso com o turismo...<\/p>\t\t\t    <div class=\"post-button-wrapper\">\n\t\t\t\t    \t\t\t\t\t<a class=\"continue-reading\" href=\"https:\/\/th1nk.pt\/pt\/dez-destinos-de-espanha-e-portugal-entre-os-mais-sustentaveis-do-mundo\/\" title=\"Dez destinos de Espanha e Portugal entre os mais sustent\u00e1veis \u200b\u200bdo mundo\">Continue Reading<span><\/span><\/a>\n\t\t\t\t\t\t\t\t\t    \n\t\t\t\t    \t\t\t    <\/div>\n\t\t\t<\/div>\n\t    <\/div>\n\t    \n\t<\/div>\n\n<\/div>\n<br class=\"clear\"\/>\n<!-- End each blog post --><\/div>\n<br class=\"clear\"\/>\t\t<\/div>\n\t\t\t\t<\/div>\n\t\t\t\t\t<\/div>\n\t\t<\/div>\n\t\t\t\t\t\t\t<\/div>\n\t\t<\/section>\n\t\t\t\t\t\t\t<\/div>\n\t\t","protected":false},"excerpt":{"rendered":"<p>News The Blog Career &nbsp;&middot;&nbsp; Family &nbsp;&middot;&nbsp; Life 10 Things Successful Mompreneurs Do Different Exercitation photo booth stumptown tote bag Banksy, elit small batch freegan sed Craft beer elit seitan exercitation, photo booth et 8-bit kale chips proident chillwave deep [&hellip;]<\/p>\n","protected":false},"author":1,"featured_media":0,"parent":0,"menu_order":0,"comment_status":"closed","ping_status":"closed","template":"","meta":{"footnotes":""},"class_list":["post-3467","page","type-page","status-publish","hentry"],"aioseo_notices":[],"_links":{"self":[{"href":"https:\/\/th1nk.pt\/pt\/wp-json\/wp\/v2\/pages\/3467","targetHints":{"allow":["GET"]}}],"collection":[{"href":"https:\/\/th1nk.pt\/pt\/wp-json\/wp\/v2\/pages"}],"about":[{"href":"https:\/\/th1nk.pt\/pt\/wp-json\/wp\/v2\/types\/page"}],"author":[{"embeddable":true,"href":"https:\/\/th1nk.pt\/pt\/wp-json\/wp\/v2\/users\/1"}],"replies":[{"embeddable":true,"href":"https:\/\/th1nk.pt\/pt\/wp-json\/wp\/v2\/comments?post=3467"}],"version-history":[{"count":0,"href":"https:\/\/th1nk.pt\/pt\/wp-json\/wp\/v2\/pages\/3467\/revisions"}],"wp:attachment":[{"href":"https:\/\/th1nk.pt\/pt\/wp-json\/wp\/v2\/media?parent=3467"}],"curies":[{"name":"wp","href":"https:\/\/api.w.org\/{rel}","templated":true}]}}